{"id":692,"date":"2021-06-04T10:25:54","date_gmt":"2021-06-04T08:25:54","guid":{"rendered":"https:\/\/capmusical.toysfilms-interactive.com\/?page_id=692"},"modified":"2021-06-18T18:47:05","modified_gmt":"2021-06-18T16:47:05","slug":"formulaire","status":"publish","type":"page","link":"https:\/\/capmusical.toysfilms-interactive.com\/?page_id=692","title":{"rendered":"Formulaire"},"content":{"rendered":"<div role=\"form\" class=\"wpcf7\" id=\"wpcf7-f756-o1\" lang=\"fr-FR\" dir=\"ltr\">\n<div class=\"screen-reader-response\"><p role=\"status\" aria-live=\"polite\" aria-atomic=\"true\"><\/p> <ul><\/ul><\/div>\n<form action=\"\/index.php?rest_route=%2Fwp%2Fv2%2Fpages%2F692#wpcf7-f756-o1\" method=\"post\" class=\"wpcf7-form init\" novalidate=\"novalidate\" data-status=\"init\">\n<div style=\"display: none;\">\n<input type=\"hidden\" name=\"_wpcf7\" value=\"756\" \/>\n<input type=\"hidden\" name=\"_wpcf7_version\" value=\"5.4.1\" \/>\n<input type=\"hidden\" name=\"_wpcf7_locale\" value=\"fr_FR\" \/>\n<input type=\"hidden\" name=\"_wpcf7_unit_tag\" value=\"wpcf7-f756-o1\" \/>\n<input type=\"hidden\" name=\"_wpcf7_container_post\" value=\"0\" \/>\n<input type=\"hidden\" name=\"_wpcf7_posted_data_hash\" value=\"\" \/>\n<\/div>\n<p><label> Votre nom<br \/>\n    <span class=\"wpcf7-form-control-wrap your-name\"><input type=\"text\" name=\"your-name\" value=\"\" size=\"40\" class=\"wpcf7-form-control wpcf7-text wpcf7-validates-as-required\" aria-required=\"true\" aria-invalid=\"false\" \/><\/span> <\/label><\/p>\n<p><label> Votre e-mail<br \/>\n    <span class=\"wpcf7-form-control-wrap your-email\"><input type=\"email\" name=\"your-email\" value=\"\" size=\"40\" class=\"wpcf7-form-control wpcf7-text wpcf7-email wpcf7-validates-as-required wpcf7-validates-as-email\" aria-required=\"true\" aria-invalid=\"false\" \/><\/span> <\/label><\/p>\n<p><label> Votre Num\u00e9ro de t\u00e9l\u00e9phone<br \/>\n<span class=\"wpcf7-form-control-wrap tel-20\"><input type=\"tel\" name=\"tel-20\" value=\"\" size=\"40\" class=\"wpcf7-form-control wpcf7-text wpcf7-tel wpcf7-validates-as-required wpcf7-validates-as-tel\" aria-required=\"true\" aria-invalid=\"false\" \/><\/span> <\/label><\/p>\n<p><span class=\"wpcf7-form-control-wrap checkbox-896\"><span class=\"wpcf7-form-control wpcf7-checkbox\"><span class=\"wpcf7-list-item first last\"><label><input type=\"checkbox\" name=\"checkbox-896[]\" value=\"J&#039;accepte de recevoir la newsletter de la Bulle Musicale. (Vous pourrez envoyer \u00e0 tout moment une demande de d\u00e9sinscription \u00e0 l&#039;adresse email desinscription@bullemusicale.com)\" \/><span class=\"wpcf7-list-item-label\">J&#039;accepte de recevoir la newsletter de la Bulle Musicale. (Vous pourrez envoyer \u00e0 tout moment une demande de d\u00e9sinscription \u00e0 l&#039;adresse email desinscription@bullemusicale.com)<\/span><\/label><\/span><\/span><\/span><\/p>\n<p><span class=\"wpcf7-form-control-wrap checkbox-896\"><span class=\"wpcf7-form-control wpcf7-checkbox\"><span class=\"wpcf7-list-item first last\"><label><input type=\"checkbox\" name=\"checkbox-896[]\" value=\"J\u2019accepte que mes donn\u00e9es personnelles soient utilis\u00e9es pour me recontacter dans le cadre de la demande indiqu\u00e9e. Aucun autre traitement ne sera effectu\u00e9 avec mes informations. J\u2019affirme \u00e9galement avoir pris connaissance de la politique de confidentialit\u00e9 *.\" \/><span class=\"wpcf7-list-item-label\">J\u2019accepte que mes donn\u00e9es personnelles soient utilis\u00e9es pour me recontacter dans le cadre de la demande indiqu\u00e9e. Aucun autre traitement ne sera effectu\u00e9 avec mes informations. J\u2019affirme \u00e9galement avoir pris connaissance de la politique de confidentialit\u00e9 *.<\/span><\/label><\/span><\/span><\/span><\/p>\n<p><label> Votre message (facultatif)<br \/>\n    <span class=\"wpcf7-form-control-wrap your-message\"><textarea name=\"your-message\" cols=\"40\" rows=\"10\" class=\"wpcf7-form-control wpcf7-textarea\" aria-invalid=\"false\"><\/textarea><\/span> <\/label><\/p>\n<p><input type=\"submit\" value=\"Envoyer\" class=\"wpcf7-form-control wpcf7-submit\" \/><\/p>\n<div class=\"wpcf7-response-output\" aria-hidden=\"true\"><\/div><\/form><\/div>\n","protected":false},"excerpt":{"rendered":"Votre nom Votre e-mail Votre Num\u00e9ro de t\u00e9l\u00e9phone J&#039;accepte de recevoir la newsletter de la Bulle Musicale. (Vous pourrez envoyer [...]","protected":false},"author":2,"featured_media":0,"parent":0,"menu_order":0,"comment_status":"closed","ping_status":"closed","template":"","meta":{"_monsterinsights_skip_tracking":false,"_monsterinsights_sitenote_active":false,"_monsterinsights_sitenote_note":"","_monsterinsights_sitenote_category":0,"footnotes":""},"class_list":["post-692","page","type-page","status-publish","hentry"],"_links":{"self":[{"href":"https:\/\/capmusical.toysfilms-interactive.com\/index.php?rest_route=\/wp\/v2\/pages\/692","targetHints":{"allow":["GET"]}}],"collection":[{"href":"https:\/\/capmusical.toysfilms-interactive.com\/index.php?rest_route=\/wp\/v2\/pages"}],"about":[{"href":"https:\/\/capmusical.toysfilms-interactive.com\/index.php?rest_route=\/wp\/v2\/types\/page"}],"author":[{"embeddable":true,"href":"https:\/\/capmusical.toysfilms-interactive.com\/index.php?rest_route=\/wp\/v2\/users\/2"}],"replies":[{"embeddable":true,"href":"https:\/\/capmusical.toysfilms-interactive.com\/index.php?rest_route=%2Fwp%2Fv2%2Fcomments&post=692"}],"version-history":[{"count":10,"href":"https:\/\/capmusical.toysfilms-interactive.com\/index.php?rest_route=\/wp\/v2\/pages\/692\/revisions"}],"predecessor-version":[{"id":762,"href":"https:\/\/capmusical.toysfilms-interactive.com\/index.php?rest_route=\/wp\/v2\/pages\/692\/revisions\/762"}],"wp:attachment":[{"href":"https:\/\/capmusical.toysfilms-interactive.com\/index.php?rest_route=%2Fwp%2Fv2%2Fmedia&parent=692"}],"curies":[{"name":"wp","href":"https:\/\/api.w.org\/{rel}","templated":true}]}}